{"id":1397,"date":"2025-04-11T14:21:28","date_gmt":"2025-04-11T14:21:28","guid":{"rendered":"https:\/\/terraecastelli.it\/shop\/?post_type=product&#038;p=1397"},"modified":"2025-04-15T14:44:44","modified_gmt":"2025-04-15T14:44:44","slug":"coppia-di-bicchieri-con-fiorellini-applicati-a-rilievo","status":"publish","type":"product","link":"https:\/\/terraecastelli.it\/shop\/prodotto\/coppia-di-bicchieri-con-fiorellini-applicati-a-rilievo\/","title":{"rendered":"Coppia di bicchieri con fiorellini applicati a rilievo"},"content":{"rendered":"","protected":false},"excerpt":{"rendered":"<p>Bicchieri\u00a0 con l&#8217;applicazione di fiorellini a rilievo. Il profilo del bicchiere \u00e8 leggermente ondulato per conferire pi\u00f9 grazia all&#8217;oggetto , pu\u00f2 essere usato per l&#8217;acqua o altre bevande anche calde, ideale anche per lo yogurt o il gelato. Smalto color avorio lucido.<\/p>\n<p>I fiorellini vengono creati singolarmente utilizzando un antico stampo della bottega storica\u00a0 di <em>\u00a0Lorenzo Pardi <\/em>dove \u00a0i fiorellini venivano applicati su vasi molto elaborati\u00a0 e poi decorati . La nostra scelta invece \u00e8 di applicare\u00a0 singolarmente a mano ogni\u00a0 fiorellino\u00a0 su un oggetto di uso quotidiano senza decorarlo con il colore perch\u00e8\u00a0 con la sua semplicit\u00e0 e bellezza riesce a valorizzare ogni\u00a0 oggetto su cui \u00e8 abbinato e rendere speciale il momento della tavola.<\/p>\n<p><strong>Dimensioni<\/strong> : diametro 8,5 , altezza 8 cm<\/p>\n","protected":false},"featured_media":1398,"comment_status":"open","ping_status":"closed","template":"","meta":[],"product_brand":[],"product_cat":[50,76,58],"product_tag":[178],"class_list":{"0":"post-1397","1":"product","2":"type-product","3":"status-publish","4":"has-post-thumbnail","6":"product_cat-a-tavola","7":"product_cat-bomboniere","8":"product_cat-brocche-bicchieri-bottiglie","9":"product_tag-fiorellini-a-rilievo","11":"first","12":"instock","13":"taxable","14":"shipping-taxable","15":"purchasable","16":"product-type-simple"},"yoast_head":"<!-- This site is optimized with the Yoast SEO plugin v26.6 - https:\/\/yoast.com\/wordpress\/plugins\/seo\/ -->\n<title>Coppia di bicchieri con fiorellini applicati a rilievo - Shop Terrae Castelli<\/title>\n<meta name=\"robots\" content=\"index, follow, max-snippet:-1, max-image-preview:large, max-video-preview:-1\" \/>\n<link rel=\"canonical\" href=\"https:\/\/terraecastelli.it\/shop\/prodotto\/coppia-di-bicchieri-con-fiorellini-applicati-a-rilievo\/\" \/>\n<meta property=\"og:locale\" content=\"it_IT\" \/>\n<meta property=\"og:type\" content=\"article\" \/>\n<meta property=\"og:title\" content=\"Coppia di bicchieri con fiorellini applicati a rilievo - Shop Terrae Castelli\" \/>\n<meta property=\"og:description\" content=\"Bicchieri\u00a0 con l&#039;applicazione di fiorellini a rilievo. Il profilo del bicchiere \u00e8 leggermente ondulato per conferire pi\u00f9 grazia all&#039;oggetto , pu\u00f2 essere usato per l&#039;acqua o altre bevande anche calde, ideale anche per lo yogurt o il gelato. Smalto color avorio lucido.  I fiorellini vengono creati singolarmente utilizzando un antico stampo della bottega storica\u00a0 di \u00a0Lorenzo Pardi dove \u00a0i fiorellini venivano applicati su vasi molto elaborati\u00a0 e poi decorati . La nostra scelta invece \u00e8 di applicare\u00a0 singolarmente a mano ogni\u00a0 fiorellino\u00a0 su un oggetto di uso quotidiano senza decorarlo con il colore perch\u00e8\u00a0 con la sua semplicit\u00e0 e bellezza riesce a valorizzare ogni\u00a0 oggetto su cui \u00e8 abbinato e rendere speciale il momento della tavola.  Dimensioni : diametro 8,5 , altezza 8 cm\" \/>\n<meta property=\"og:url\" content=\"https:\/\/terraecastelli.it\/shop\/prodotto\/coppia-di-bicchieri-con-fiorellini-applicati-a-rilievo\/\" \/>\n<meta property=\"og:site_name\" content=\"Shop Terrae Castelli\" \/>\n<meta property=\"article:publisher\" content=\"https:\/\/www.facebook.com\/Terraecastelli\" \/>\n<meta property=\"article:modified_time\" content=\"2025-04-15T14:44:44+00:00\" \/>\n<meta property=\"og:image\" content=\"https:\/\/terraecastelli.it\/shop\/wp-content\/uploads\/2025\/04\/bicchierifiorelliniavorio1-scaled.jpg\" \/>\n\t<meta property=\"og:image:width\" content=\"2560\" \/>\n\t<meta property=\"og:image:height\" content=\"2390\" \/>\n\t<meta property=\"og:image:type\" content=\"image\/jpeg\" \/>\n<meta name=\"twitter:card\" content=\"summary_large_image\" \/>\n<meta name=\"twitter:label1\" content=\"Tempo di lettura stimato\" \/>\n\t<meta name=\"twitter:data1\" content=\"1 minuto\" \/>\n<script type=\"application\/ld+json\" class=\"yoast-schema-graph\">{\"@context\":\"https:\/\/schema.org\",\"@graph\":[{\"@type\":\"WebPage\",\"@id\":\"https:\/\/terraecastelli.it\/shop\/prodotto\/coppia-di-bicchieri-con-fiorellini-applicati-a-rilievo\/\",\"url\":\"https:\/\/terraecastelli.it\/shop\/prodotto\/coppia-di-bicchieri-con-fiorellini-applicati-a-rilievo\/\",\"name\":\"Coppia di bicchieri con fiorellini applicati a rilievo - Shop Terrae Castelli\",\"isPartOf\":{\"@id\":\"https:\/\/terraecastelli.it\/shop\/#website\"},\"primaryImageOfPage\":{\"@id\":\"https:\/\/terraecastelli.it\/shop\/prodotto\/coppia-di-bicchieri-con-fiorellini-applicati-a-rilievo\/#primaryimage\"},\"image\":{\"@id\":\"https:\/\/terraecastelli.it\/shop\/prodotto\/coppia-di-bicchieri-con-fiorellini-applicati-a-rilievo\/#primaryimage\"},\"thumbnailUrl\":\"https:\/\/terraecastelli.it\/shop\/wp-content\/uploads\/2025\/04\/bicchierifiorelliniavorio1-scaled.jpg\",\"datePublished\":\"2025-04-11T14:21:28+00:00\",\"dateModified\":\"2025-04-15T14:44:44+00:00\",\"breadcrumb\":{\"@id\":\"https:\/\/terraecastelli.it\/shop\/prodotto\/coppia-di-bicchieri-con-fiorellini-applicati-a-rilievo\/#breadcrumb\"},\"inLanguage\":\"it-IT\",\"potentialAction\":[{\"@type\":\"ReadAction\",\"target\":[\"https:\/\/terraecastelli.it\/shop\/prodotto\/coppia-di-bicchieri-con-fiorellini-applicati-a-rilievo\/\"]}]},{\"@type\":\"ImageObject\",\"inLanguage\":\"it-IT\",\"@id\":\"https:\/\/terraecastelli.it\/shop\/prodotto\/coppia-di-bicchieri-con-fiorellini-applicati-a-rilievo\/#primaryimage\",\"url\":\"https:\/\/terraecastelli.it\/shop\/wp-content\/uploads\/2025\/04\/bicchierifiorelliniavorio1-scaled.jpg\",\"contentUrl\":\"https:\/\/terraecastelli.it\/shop\/wp-content\/uploads\/2025\/04\/bicchierifiorelliniavorio1-scaled.jpg\",\"width\":2560,\"height\":2390},{\"@type\":\"BreadcrumbList\",\"@id\":\"https:\/\/terraecastelli.it\/shop\/prodotto\/coppia-di-bicchieri-con-fiorellini-applicati-a-rilievo\/#breadcrumb\",\"itemListElement\":[{\"@type\":\"ListItem\",\"position\":1,\"name\":\"Home\",\"item\":\"https:\/\/terraecastelli.it\/shop\/\"},{\"@type\":\"ListItem\",\"position\":2,\"name\":\"Shop\",\"item\":\"https:\/\/terraecastelli.it\/shop\/negozio\/\"},{\"@type\":\"ListItem\",\"position\":3,\"name\":\"Coppia di bicchieri con fiorellini applicati a rilievo\"}]},{\"@type\":\"WebSite\",\"@id\":\"https:\/\/terraecastelli.it\/shop\/#website\",\"url\":\"https:\/\/terraecastelli.it\/shop\/\",\"name\":\"Shop Terrae Castelli\",\"description\":\"Negozio online di ceramiche artistiche\",\"publisher\":{\"@id\":\"https:\/\/terraecastelli.it\/shop\/#organization\"},\"potentialAction\":[{\"@type\":\"SearchAction\",\"target\":{\"@type\":\"EntryPoint\",\"urlTemplate\":\"https:\/\/terraecastelli.it\/shop\/?s={search_term_string}\"},\"query-input\":{\"@type\":\"PropertyValueSpecification\",\"valueRequired\":true,\"valueName\":\"search_term_string\"}}],\"inLanguage\":\"it-IT\"},{\"@type\":\"Organization\",\"@id\":\"https:\/\/terraecastelli.it\/shop\/#organization\",\"name\":\"Shop Terrae Castelli\",\"url\":\"https:\/\/terraecastelli.it\/shop\/\",\"logo\":{\"@type\":\"ImageObject\",\"inLanguage\":\"it-IT\",\"@id\":\"https:\/\/terraecastelli.it\/shop\/#\/schema\/logo\/image\/\",\"url\":\"https:\/\/terraecastelli.it\/shop\/wp-content\/uploads\/2023\/03\/apple-icon-180x180-1.png\",\"contentUrl\":\"https:\/\/terraecastelli.it\/shop\/wp-content\/uploads\/2023\/03\/apple-icon-180x180-1.png\",\"width\":180,\"height\":180,\"caption\":\"Shop Terrae Castelli\"},\"image\":{\"@id\":\"https:\/\/terraecastelli.it\/shop\/#\/schema\/logo\/image\/\"},\"sameAs\":[\"https:\/\/www.facebook.com\/Terraecastelli\",\"https:\/\/www.instagram.com\/terraecastelli\/\"]}]}<\/script>\n<!-- \/ Yoast SEO plugin. -->","yoast_head_json":{"title":"Coppia di bicchieri con fiorellini applicati a rilievo - Shop Terrae Castelli","robots":{"index":"index","follow":"follow","max-snippet":"max-snippet:-1","max-image-preview":"max-image-preview:large","max-video-preview":"max-video-preview:-1"},"canonical":"https:\/\/terraecastelli.it\/shop\/prodotto\/coppia-di-bicchieri-con-fiorellini-applicati-a-rilievo\/","og_locale":"it_IT","og_type":"article","og_title":"Coppia di bicchieri con fiorellini applicati a rilievo - Shop Terrae Castelli","og_description":"Bicchieri\u00a0 con l'applicazione di fiorellini a rilievo. Il profilo del bicchiere \u00e8 leggermente ondulato per conferire pi\u00f9 grazia all'oggetto , pu\u00f2 essere usato per l'acqua o altre bevande anche calde, ideale anche per lo yogurt o il gelato. Smalto color avorio lucido.  I fiorellini vengono creati singolarmente utilizzando un antico stampo della bottega storica\u00a0 di \u00a0Lorenzo Pardi dove \u00a0i fiorellini venivano applicati su vasi molto elaborati\u00a0 e poi decorati . La nostra scelta invece \u00e8 di applicare\u00a0 singolarmente a mano ogni\u00a0 fiorellino\u00a0 su un oggetto di uso quotidiano senza decorarlo con il colore perch\u00e8\u00a0 con la sua semplicit\u00e0 e bellezza riesce a valorizzare ogni\u00a0 oggetto su cui \u00e8 abbinato e rendere speciale il momento della tavola.  Dimensioni : diametro 8,5 , altezza 8 cm","og_url":"https:\/\/terraecastelli.it\/shop\/prodotto\/coppia-di-bicchieri-con-fiorellini-applicati-a-rilievo\/","og_site_name":"Shop Terrae Castelli","article_publisher":"https:\/\/www.facebook.com\/Terraecastelli","article_modified_time":"2025-04-15T14:44:44+00:00","og_image":[{"width":2560,"height":2390,"url":"https:\/\/terraecastelli.it\/shop\/wp-content\/uploads\/2025\/04\/bicchierifiorelliniavorio1-scaled.jpg","type":"image\/jpeg"}],"twitter_card":"summary_large_image","twitter_misc":{"Tempo di lettura stimato":"1 minuto"},"schema":{"@context":"https:\/\/schema.org","@graph":[{"@type":"WebPage","@id":"https:\/\/terraecastelli.it\/shop\/prodotto\/coppia-di-bicchieri-con-fiorellini-applicati-a-rilievo\/","url":"https:\/\/terraecastelli.it\/shop\/prodotto\/coppia-di-bicchieri-con-fiorellini-applicati-a-rilievo\/","name":"Coppia di bicchieri con fiorellini applicati a rilievo - Shop Terrae Castelli","isPartOf":{"@id":"https:\/\/terraecastelli.it\/shop\/#website"},"primaryImageOfPage":{"@id":"https:\/\/terraecastelli.it\/shop\/prodotto\/coppia-di-bicchieri-con-fiorellini-applicati-a-rilievo\/#primaryimage"},"image":{"@id":"https:\/\/terraecastelli.it\/shop\/prodotto\/coppia-di-bicchieri-con-fiorellini-applicati-a-rilievo\/#primaryimage"},"thumbnailUrl":"https:\/\/terraecastelli.it\/shop\/wp-content\/uploads\/2025\/04\/bicchierifiorelliniavorio1-scaled.jpg","datePublished":"2025-04-11T14:21:28+00:00","dateModified":"2025-04-15T14:44:44+00:00","breadcrumb":{"@id":"https:\/\/terraecastelli.it\/shop\/prodotto\/coppia-di-bicchieri-con-fiorellini-applicati-a-rilievo\/#breadcrumb"},"inLanguage":"it-IT","potentialAction":[{"@type":"ReadAction","target":["https:\/\/terraecastelli.it\/shop\/prodotto\/coppia-di-bicchieri-con-fiorellini-applicati-a-rilievo\/"]}]},{"@type":"ImageObject","inLanguage":"it-IT","@id":"https:\/\/terraecastelli.it\/shop\/prodotto\/coppia-di-bicchieri-con-fiorellini-applicati-a-rilievo\/#primaryimage","url":"https:\/\/terraecastelli.it\/shop\/wp-content\/uploads\/2025\/04\/bicchierifiorelliniavorio1-scaled.jpg","contentUrl":"https:\/\/terraecastelli.it\/shop\/wp-content\/uploads\/2025\/04\/bicchierifiorelliniavorio1-scaled.jpg","width":2560,"height":2390},{"@type":"BreadcrumbList","@id":"https:\/\/terraecastelli.it\/shop\/prodotto\/coppia-di-bicchieri-con-fiorellini-applicati-a-rilievo\/#breadcrumb","itemListElement":[{"@type":"ListItem","position":1,"name":"Home","item":"https:\/\/terraecastelli.it\/shop\/"},{"@type":"ListItem","position":2,"name":"Shop","item":"https:\/\/terraecastelli.it\/shop\/negozio\/"},{"@type":"ListItem","position":3,"name":"Coppia di bicchieri con fiorellini applicati a rilievo"}]},{"@type":"WebSite","@id":"https:\/\/terraecastelli.it\/shop\/#website","url":"https:\/\/terraecastelli.it\/shop\/","name":"Shop Terrae Castelli","description":"Negozio online di ceramiche artistiche","publisher":{"@id":"https:\/\/terraecastelli.it\/shop\/#organization"},"potentialAction":[{"@type":"SearchAction","target":{"@type":"EntryPoint","urlTemplate":"https:\/\/terraecastelli.it\/shop\/?s={search_term_string}"},"query-input":{"@type":"PropertyValueSpecification","valueRequired":true,"valueName":"search_term_string"}}],"inLanguage":"it-IT"},{"@type":"Organization","@id":"https:\/\/terraecastelli.it\/shop\/#organization","name":"Shop Terrae Castelli","url":"https:\/\/terraecastelli.it\/shop\/","logo":{"@type":"ImageObject","inLanguage":"it-IT","@id":"https:\/\/terraecastelli.it\/shop\/#\/schema\/logo\/image\/","url":"https:\/\/terraecastelli.it\/shop\/wp-content\/uploads\/2023\/03\/apple-icon-180x180-1.png","contentUrl":"https:\/\/terraecastelli.it\/shop\/wp-content\/uploads\/2023\/03\/apple-icon-180x180-1.png","width":180,"height":180,"caption":"Shop Terrae Castelli"},"image":{"@id":"https:\/\/terraecastelli.it\/shop\/#\/schema\/logo\/image\/"},"sameAs":["https:\/\/www.facebook.com\/Terraecastelli","https:\/\/www.instagram.com\/terraecastelli\/"]}]}},"_links":{"self":[{"href":"https:\/\/terraecastelli.it\/shop\/wp-json\/wp\/v2\/product\/1397","targetHints":{"allow":["GET"]}}],"collection":[{"href":"https:\/\/terraecastelli.it\/shop\/wp-json\/wp\/v2\/product"}],"about":[{"href":"https:\/\/terraecastelli.it\/shop\/wp-json\/wp\/v2\/types\/product"}],"replies":[{"embeddable":true,"href":"https:\/\/terraecastelli.it\/shop\/wp-json\/wp\/v2\/comments?post=1397"}],"wp:featuredmedia":[{"embeddable":true,"href":"https:\/\/terraecastelli.it\/shop\/wp-json\/wp\/v2\/media\/1398"}],"wp:attachment":[{"href":"https:\/\/terraecastelli.it\/shop\/wp-json\/wp\/v2\/media?parent=1397"}],"wp:term":[{"taxonomy":"product_brand","embeddable":true,"href":"https:\/\/terraecastelli.it\/shop\/wp-json\/wp\/v2\/product_brand?post=1397"},{"taxonomy":"product_cat","embeddable":true,"href":"https:\/\/terraecastelli.it\/shop\/wp-json\/wp\/v2\/product_cat?post=1397"},{"taxonomy":"product_tag","embeddable":true,"href":"https:\/\/terraecastelli.it\/shop\/wp-json\/wp\/v2\/product_tag?post=1397"}],"curies":[{"name":"wp","href":"https:\/\/api.w.org\/{rel}","templated":true}]}}